{"id":256,"date":"2025-07-06T19:42:16","date_gmt":"2025-07-06T19:42:16","guid":{"rendered":"http:\/\/vgloqds.cluster021.hosting.ovh.net\/?page_id=256"},"modified":"2025-10-11T13:07:22","modified_gmt":"2025-10-11T13:07:22","slug":"therapies","status":"publish","type":"page","link":"https:\/\/www.audreysalez.fr\/index.php\/therapies\/","title":{"rendered":"TH\u00c9RAPIES"},"content":{"rendered":"\n<p class=\"has-accent-color has-text-color has-link-color wp-elements-129a6fea95af01a7140c3ec56ccfa371\" style=\"font-size:26px\"><strong>Les Th\u00e9rapies \u00c9motionnelles, Cognitives et Comportementales (TECC)<\/strong><\/p>\n\n\n\n<div id=\"wp-block-themeisle-blocks-advanced-columns-2b447ff9\" class=\"wp-block-themeisle-blocks-advanced-columns has-2-columns has-desktop-equal-layout has-tablet-equal-layout has-mobile-collapsedRows-layout has-vertical-unset\"><div class=\"wp-block-themeisle-blocks-advanced-columns-overlay\"><\/div><div class=\"innerblocks-wrap\">\n<div id=\"wp-block-themeisle-blocks-advanced-column-7def0018\" class=\"wp-block-themeisle-blocks-advanced-column\">\n<p class=\"has-white-color has-text-color has-link-color wp-elements-78d116440ee67ac0ca0e2bd731c118b4\">ESPACE<\/p>\n\n\n\n<figure class=\"wp-block-image size-full is-resized\"><img loading=\"lazy\" decoding=\"async\" width=\"475\" height=\"380\" src=\"http:\/\/vgloqds.cluster021.hosting.ovh.net\/wp-content\/uploads\/2025\/07\/Capture-decran-2025-07-07-165519.png\" alt=\"\" class=\"wp-image-295\" style=\"width:353px;height:auto\" srcset=\"https:\/\/www.audreysalez.fr\/wp-content\/uploads\/2025\/07\/Capture-decran-2025-07-07-165519.png 475w, https:\/\/www.audreysalez.fr\/wp-content\/uploads\/2025\/07\/Capture-decran-2025-07-07-165519-300x240.png 300w\" sizes=\"auto, (max-width: 475px) 100vw, 475px\" \/><\/figure>\n\n\n\n<p><\/p>\n<\/div>\n\n\n\n<div id=\"wp-block-themeisle-blocks-advanced-column-c10cdadf\" class=\"wp-block-themeisle-blocks-advanced-column\">\n<p>La Th\u00e9rapie Emotionnelle, Cognitive et Comportemantale est : <br>&#8211; une th\u00e9rapie br\u00e8ve.<br>&#8211; centr\u00e9e sur les probl\u00e8mes et la souffrance actuels.<br>&#8211; adapt\u00e9e aux enfants, adolescents et adultes.<br>Elle nous aide \u00e0 mieux comprendre les cercles vicieux de notre fonctionnement.<br>Le patient et le psychoth\u00e9rapeute travaillent ensemble pour d\u00e9terminer et comprendre les probl\u00e8mes selon trois dimensions : les \u00e9motions, les pens\u00e9es et les comportements.&nbsp;<br>Une fois que le probl\u00e8me est bien compris, les objectifs atteingables et les moyens psychoth\u00e9rapeutiques sont d\u00e9finis en collaboration avec le patient.<br>La th\u00e9rapie permet au patient de trouver des solutions \u00e0 ses probl\u00e8mes qui soient d\u2019une plus grande efficacit\u00e9 et permettent de se sentir mieux.&nbsp;<\/p>\n<\/div>\n<\/div><\/div>\n\n\n\n<figure class=\"wp-block-embed is-type-video is-provider-youtube wp-block-embed-youtube wp-embed-aspect-16-9 wp-has-aspect-ratio\"><div class=\"wp-block-embed__wrapper\">\n<iframe loading=\"lazy\" title=\"La TCC, c&#039;est quoi? pour qui? comment?\" width=\"750\" height=\"422\" src=\"https:\/\/www.youtube.com\/embed\/42TMjhsFf_4?feature=oembed\" frameborder=\"0\" allow=\"accelerometer; autoplay; clipboard-write; encrypted-media; gyroscope; picture-in-picture; web-share\" referrerpolicy=\"strict-origin-when-cross-origin\" allowfullscreen><\/iframe>\n<\/div><\/figure>\n\n\n\n<p class=\"has-white-color has-text-color has-link-color wp-elements-78d116440ee67ac0ca0e2bd731c118b4\">ESPACE<\/p>\n\n\n\n<p class=\"has-white-color has-text-color has-link-color wp-elements-78d116440ee67ac0ca0e2bd731c118b4\">ESPACE<\/p>\n\n\n\n<p class=\"has-accent-color has-text-color has-link-color wp-elements-c2a992ea80b00ef874fb952356d9f424\" style=\"font-size:26px\"><strong>La Th\u00e9rapie MOSAIC : Mouvements Oculaires et Stimulations Altern\u00e9es pour l&rsquo;Int\u00e9gration C\u00e9r\u00e9brale<\/strong><\/p>\n\n\n\n<figure class=\"wp-block-image size-full\"><img decoding=\"async\" src=\"https:\/\/www.audreysalez.fr\/wp-content\/uploads\/2025\/10\/logo-mosaic-7328e3.svg\" alt=\"\" class=\"wp-image-454\"\/><\/figure>\n\n\n\n<p class=\"has-white-color has-text-color has-link-color wp-elements-78d116440ee67ac0ca0e2bd731c118b4\">ESPACE<\/p>\n\n\n\n<p class=\"has-text-align-center has-accent-color has-text-color has-link-color has-medium-font-size wp-elements-23bc11e6e10aef7f9182b96a47cd3c1e\"><strong>TRAITER LES TRAUMATISMES AUTREMENT<\/strong><\/p>\n\n\n\n<p><strong><em>La <a href=\"https:\/\/www.therapiemosaic.com\/\">th\u00e9rapie MOSAIC<\/a> est une approche th\u00e9rapeutique innovante, solutionniste, int\u00e9grative et exp\u00e9rientielle. Elle permet d\u2019att\u00e9nuer durablement les blessures psychiques et de d\u00e9passer les souvenirs douloureux sans exposition au traumatisme.<\/em><\/strong><\/p>\n\n\n\n<p>La th\u00e9rapie MOSAIC s\u2019appuie sur les neurosciences pour apaiser les souvenirs douloureux et installer un nouvel \u00e9quilibre \u00e9motionnel gr\u00e2ce \u00e0 trois m\u00e9canismes compl\u00e9mentaires.<\/p>\n\n\n\n<figure class=\"wp-block-image size-large\"><img loading=\"lazy\" decoding=\"async\" width=\"1024\" height=\"391\" src=\"https:\/\/www.audreysalez.fr\/wp-content\/uploads\/2025\/10\/Capture-decran-2025-10-11-150200-1024x391.png\" alt=\"\" class=\"wp-image-457\" srcset=\"https:\/\/www.audreysalez.fr\/wp-content\/uploads\/2025\/10\/Capture-decran-2025-10-11-150200-1024x391.png 1024w, https:\/\/www.audreysalez.fr\/wp-content\/uploads\/2025\/10\/Capture-decran-2025-10-11-150200-300x115.png 300w, https:\/\/www.audreysalez.fr\/wp-content\/uploads\/2025\/10\/Capture-decran-2025-10-11-150200-768x294.png 768w, https:\/\/www.audreysalez.fr\/wp-content\/uploads\/2025\/10\/Capture-decran-2025-10-11-150200-1536x587.png 1536w, https:\/\/www.audreysalez.fr\/wp-content\/uploads\/2025\/10\/Capture-decran-2025-10-11-150200.png 1580w\" sizes=\"auto, (max-width: 1024px) 100vw, 1024px\" \/><\/figure>\n\n\n\n<p class=\"has-white-color has-text-color has-link-color has-x-large-font-size wp-elements-8f005a7d9160df9ddc75b9e44f599d6a\">ESPACE<\/p>\n\n\n\n<p class=\"has-accent-color has-text-color has-link-color wp-elements-1af254389e6138308e278cdc6cc8a77d\" style=\"font-size:26px\"><strong>La Communication NonViolente<\/strong><\/p>\n\n\n\n<div id=\"wp-block-themeisle-blocks-advanced-columns-58d7857a\" class=\"wp-block-themeisle-blocks-advanced-columns has-2-columns has-desktop-equal-layout has-tablet-equal-layout has-mobile-collapsedRows-layout has-vertical-unset\"><div class=\"wp-block-themeisle-blocks-advanced-columns-overlay\"><\/div><div class=\"innerblocks-wrap\">\n<div id=\"wp-block-themeisle-blocks-advanced-column-e96242aa\" class=\"wp-block-themeisle-blocks-advanced-column\">\n<p><br>La Communication NonViolente est un langage, \u00e9labor\u00e9 par&nbsp;Marshall Rosenberg, qui cherche \u00e0 cr\u00e9er une connexion bienveillante envers soi et autrui, afin que les besoins de chacun soient respect\u00e9s.<\/p>\n<\/div>\n\n\n\n<div id=\"wp-block-themeisle-blocks-advanced-column-ce838657\" class=\"wp-block-themeisle-blocks-advanced-column\"><div class=\"wp-block-image\">\n<figure class=\"alignright size-large is-resized\"><img loading=\"lazy\" decoding=\"async\" width=\"1024\" height=\"658\" src=\"http:\/\/vgloqds.cluster021.hosting.ovh.net\/wp-content\/uploads\/2025\/07\/FB_IMG_1711983333178-1024x658.jpg\" alt=\"\" class=\"wp-image-426\" style=\"width:364px;height:auto\" srcset=\"https:\/\/www.audreysalez.fr\/wp-content\/uploads\/2025\/07\/FB_IMG_1711983333178-1024x658.jpg 1024w, https:\/\/www.audreysalez.fr\/wp-content\/uploads\/2025\/07\/FB_IMG_1711983333178-300x193.jpg 300w, https:\/\/www.audreysalez.fr\/wp-content\/uploads\/2025\/07\/FB_IMG_1711983333178-768x494.jpg 768w, https:\/\/www.audreysalez.fr\/wp-content\/uploads\/2025\/07\/FB_IMG_1711983333178.jpg 1080w\" sizes=\"auto, (max-width: 1024px) 100vw, 1024px\" \/><\/figure>\n<\/div><\/div>\n<\/div><\/div>\n\n\n\n<p class=\"has-text-align-right\" style=\"font-size:10px\"><\/p>\n\n\n\n<p class=\"has-white-color has-text-color has-link-color wp-elements-78d116440ee67ac0ca0e2bd731c118b4\">ESPACE<\/p>\n\n\n<div class=\"wp-block-image\">\n<figure class=\"alignleft size-full\"><img loading=\"lazy\" decoding=\"async\" width=\"960\" height=\"720\" src=\"http:\/\/vgloqds.cluster021.hosting.ovh.net\/wp-content\/uploads\/2025\/07\/CNV.jpg\" alt=\"\" class=\"wp-image-366\" srcset=\"https:\/\/www.audreysalez.fr\/wp-content\/uploads\/2025\/07\/CNV.jpg 960w, https:\/\/www.audreysalez.fr\/wp-content\/uploads\/2025\/07\/CNV-300x225.jpg 300w, https:\/\/www.audreysalez.fr\/wp-content\/uploads\/2025\/07\/CNV-768x576.jpg 768w\" sizes=\"auto, (max-width: 960px) 100vw, 960px\" \/><\/figure>\n<\/div>\n\n\n<p class=\"has-text-align-center\" style=\"font-size:10px\"><a href=\"https:\/\/apprentie-girafe.com\/\">Image issue du blog Apprentie Girafe<\/a><\/p>\n\n\n\n<p class=\"has-white-color has-text-color has-link-color wp-elements-78d116440ee67ac0ca0e2bd731c118b4\">ESPACE<\/p>\n\n\n\n<p><\/p>\n","protected":false},"excerpt":{"rendered":"<p>Les Th\u00e9rapies \u00c9motionnelles, Cognitives et Comportementales (TECC) ESPACE ESPACE La Th\u00e9rapie MOSAIC : Mouvements Oculaires et Stimulations Altern\u00e9es pour l&rsquo;Int\u00e9gration C\u00e9r\u00e9brale ESPACE TRAITER LES TRAUMATISMES AUTREMENT La th\u00e9rapie MOSAIC est une approche th\u00e9rapeutique innovante, solutionniste, int\u00e9grative et exp\u00e9rientielle. Elle permet d\u2019att\u00e9nuer durablement les blessures psychiques et de d\u00e9passer les souvenirs [&hellip;]<\/p>\n","protected":false},"author":1,"featured_media":0,"parent":0,"menu_order":0,"comment_status":"closed","ping_status":"closed","template":"","meta":{"_themeisle_gutenberg_block_has_review":false,"footnotes":""},"class_list":["post-256","page","type-page","status-publish","hentry"],"_links":{"self":[{"href":"https:\/\/www.audreysalez.fr\/index.php\/wp-json\/wp\/v2\/pages\/256","targetHints":{"allow":["GET"]}}],"collection":[{"href":"https:\/\/www.audreysalez.fr\/index.php\/wp-json\/wp\/v2\/pages"}],"about":[{"href":"https:\/\/www.audreysalez.fr\/index.php\/wp-json\/wp\/v2\/types\/page"}],"author":[{"embeddable":true,"href":"https:\/\/www.audreysalez.fr\/index.php\/wp-json\/wp\/v2\/users\/1"}],"replies":[{"embeddable":true,"href":"https:\/\/www.audreysalez.fr\/index.php\/wp-json\/wp\/v2\/comments?post=256"}],"version-history":[{"count":57,"href":"https:\/\/www.audreysalez.fr\/index.php\/wp-json\/wp\/v2\/pages\/256\/revisions"}],"predecessor-version":[{"id":461,"href":"https:\/\/www.audreysalez.fr\/index.php\/wp-json\/wp\/v2\/pages\/256\/revisions\/461"}],"wp:attachment":[{"href":"https:\/\/www.audreysalez.fr\/index.php\/wp-json\/wp\/v2\/media?parent=256"}],"curies":[{"name":"wp","href":"https:\/\/api.w.org\/{rel}","templated":true}]}}