{"id":42,"date":"2025-07-01T19:53:31","date_gmt":"2025-07-01T19:53:31","guid":{"rendered":"http:\/\/vgloqds.cluster021.hosting.ovh.net\/?page_id=42"},"modified":"2026-01-05T20:13:57","modified_gmt":"2026-01-05T20:13:57","slug":"accueil","status":"publish","type":"page","link":"https:\/\/www.audreysalez.fr\/index.php\/accueil\/","title":{"rendered":"PUBLIC"},"content":{"rendered":"\n<div class=\"wp-block-cover alignfull is-light hestia-clear-top-padding\"><span aria-hidden=\"true\" class=\"wp-block-cover__background has-white-background-color has-background-dim-100 has-background-dim\"><\/span><div class=\"wp-block-cover__inner-container is-layout-flow wp-block-cover-is-layout-flow\">\n<div style=\"height:40px\" aria-hidden=\"true\" class=\"wp-block-spacer\"><\/div>\n\n\n\n<div class=\"wp-block-columns container is-layout-flex wp-container-core-columns-is-layout-28f84493 wp-block-columns-is-layout-flex\">\n<div class=\"wp-block-column is-layout-flow wp-block-column-is-layout-flow\"><div class=\"wp-block-image\">\n<figure class=\"aligncenter size-large\"><img decoding=\"async\" src=\"http:\/\/vgloqds.cluster021.hosting.ovh.net\/wp-content\/themes\/hestia\/assets\/img\/feat1.png\" alt=\"\" class=\"wp-image-70\"\/><\/figure>\n<\/div>\n\n\n<h5 class=\"wp-block-heading has-text-align-center has-text-color\" style=\"color:#3c4858;font-size:18px\">Enfants (+10 ans)<\/h5>\n\n\n\n<p class=\"has-text-align-center has-text-color\" style=\"color:#999999;font-size:14px\"><\/p>\n\n\n\n<figure class=\"wp-block-image size-large\"><img loading=\"lazy\" decoding=\"async\" width=\"1024\" height=\"576\" src=\"http:\/\/vgloqds.cluster021.hosting.ovh.net\/wp-content\/uploads\/2025\/07\/Enfant-1024x576.png\" alt=\"\" class=\"wp-image-389\" srcset=\"https:\/\/www.audreysalez.fr\/wp-content\/uploads\/2025\/07\/Enfant-1024x576.png 1024w, https:\/\/www.audreysalez.fr\/wp-content\/uploads\/2025\/07\/Enfant-300x169.png 300w, https:\/\/www.audreysalez.fr\/wp-content\/uploads\/2025\/07\/Enfant-768x432.png 768w, https:\/\/www.audreysalez.fr\/wp-content\/uploads\/2025\/07\/Enfant.png 1280w\" sizes=\"auto, (max-width: 1024px) 100vw, 1024px\" \/><\/figure>\n<\/div>\n\n\n\n<div class=\"wp-block-column is-layout-flow wp-block-column-is-layout-flow\"><div class=\"wp-block-image\">\n<figure class=\"aligncenter size-large\"><img decoding=\"async\" src=\"http:\/\/vgloqds.cluster021.hosting.ovh.net\/wp-content\/themes\/hestia\/assets\/img\/feat2.png\" alt=\"\" class=\"wp-image-71\"\/><\/figure>\n<\/div>\n\n\n<h5 class=\"wp-block-heading has-text-align-center has-text-color\" style=\"color:#3c4858;font-size:18px\">Adolescents<\/h5>\n\n\n\n<p class=\"has-text-align-center has-text-color\" style=\"color:#999999;font-size:14px\"><\/p>\n\n\n\n<figure class=\"wp-block-image size-large\"><img loading=\"lazy\" decoding=\"async\" width=\"1024\" height=\"576\" src=\"http:\/\/vgloqds.cluster021.hosting.ovh.net\/wp-content\/uploads\/2025\/07\/Adolescent-1024x576.jpg\" alt=\"\" class=\"wp-image-139\" srcset=\"https:\/\/www.audreysalez.fr\/wp-content\/uploads\/2025\/07\/Adolescent-1024x576.jpg 1024w, https:\/\/www.audreysalez.fr\/wp-content\/uploads\/2025\/07\/Adolescent-300x169.jpg 300w, https:\/\/www.audreysalez.fr\/wp-content\/uploads\/2025\/07\/Adolescent-768x432.jpg 768w, https:\/\/www.audreysalez.fr\/wp-content\/uploads\/2025\/07\/Adolescent.jpg 1280w\" sizes=\"auto, (max-width: 1024px) 100vw, 1024px\" \/><\/figure>\n\n\n\n<div style=\"height:25px\" aria-hidden=\"true\" class=\"wp-block-spacer\"><\/div>\n<\/div>\n\n\n\n<div class=\"wp-block-column is-layout-flow wp-block-column-is-layout-flow\"><div class=\"wp-block-image\">\n<figure class=\"aligncenter size-large\"><img decoding=\"async\" src=\"http:\/\/vgloqds.cluster021.hosting.ovh.net\/wp-content\/themes\/hestia\/assets\/img\/feat3.png\" alt=\"\" class=\"wp-image-72\"\/><\/figure>\n<\/div>\n\n\n<h5 class=\"wp-block-heading has-text-align-center has-text-color\" style=\"color:#3c4858;font-size:18px\">Adultes<\/h5>\n\n\n\n<p class=\"has-text-align-center has-text-color\" style=\"color:#999999;font-size:14px\"><\/p>\n\n\n\n<figure class=\"wp-block-image size-large\"><img loading=\"lazy\" decoding=\"async\" width=\"1024\" height=\"576\" src=\"http:\/\/vgloqds.cluster021.hosting.ovh.net\/wp-content\/uploads\/2025\/07\/Adulte-1-1024x576.jpg\" alt=\"\" class=\"wp-image-390\" srcset=\"https:\/\/www.audreysalez.fr\/wp-content\/uploads\/2025\/07\/Adulte-1-1024x576.jpg 1024w, https:\/\/www.audreysalez.fr\/wp-content\/uploads\/2025\/07\/Adulte-1-300x169.jpg 300w, https:\/\/www.audreysalez.fr\/wp-content\/uploads\/2025\/07\/Adulte-1-768x432.jpg 768w, https:\/\/www.audreysalez.fr\/wp-content\/uploads\/2025\/07\/Adulte-1.jpg 1280w\" sizes=\"auto, (max-width: 1024px) 100vw, 1024px\" \/><\/figure>\n<\/div>\n<\/div>\n\n\n\n<div style=\"height:40px\" aria-hidden=\"true\" class=\"wp-block-spacer\"><\/div>\n<\/div><\/div>\n\n\n\n<p class=\"has-accent-color has-text-color has-link-color wp-elements-79123ce23d29b7c0c03d9a2cd3ca4c40\" style=\"font-size:26px\"><strong>Pour quelles raisons puis-je b\u00e9n\u00e9ficier d&rsquo;un accompagnement psychologique\/psychoth\u00e9rapeutique ?<\/strong><\/p>\n\n\n\n<ul class=\"wp-block-list\">\n<li>Parce que je n&rsquo;ai pas ou j&rsquo;ai perdu <strong>confiance en moi<\/strong>, l&rsquo;<strong>estime de moi<\/strong>.<\/li>\n\n\n\n<li>Parce que je souffre de <strong>fatigue chronique<\/strong>.<\/li>\n\n\n\n<li>Parce que j&rsquo;en ai assez de vivre des <strong>sch\u00e9mas r\u00e9p\u00e9titifs<\/strong>.<\/li>\n\n\n\n<li>Parce que je suis <strong>triste<\/strong>, je souffre d&rsquo;un <strong>trouble d\u00e9pressif<\/strong>.<\/li>\n\n\n\n<li>Parce que j&rsquo;ai des <strong>douleurs chroniques<\/strong>.<\/li>\n\n\n\n<li>Parce que j&rsquo;ai besoin de <strong>mieux vivre avec une maladie chronique<\/strong> (diab\u00e8te, ob\u00e9sit\u00e9, cancer&#8230;).<\/li>\n\n\n\n<li>Parce que je subis des <strong>probl\u00e8mes relationnels<\/strong> et j&rsquo;aimerais avoir des solutions.<\/li>\n\n\n\n<li>Par ce que je souhaite <strong>vivre plus sereinement certaines situations<\/strong>.<\/li>\n\n\n\n<li>Parce que je veux \u00e9viter le<strong>&nbsp;burnout&nbsp;<\/strong>ou me sortir d&rsquo;un burnout.<\/li>\n\n\n\n<li>Parce que je souffre d&rsquo;un <strong>choc \u00e9motionnel, <\/strong>un <strong>traumatisme <\/strong>(agression, deuil, s\u00e9paration\u2026).<\/li>\n\n\n\n<li>Parce que j&rsquo;anticipe n\u00e9gativement l&rsquo;avenir, j&rsquo;ai des <strong>troubles anxieux<\/strong>, des <strong>crises d&rsquo;angoisse<\/strong>, des <strong>phobies<\/strong>, des <strong>Troubles Obsessionnels Compulsifs<\/strong>.<\/li>\n\n\n\n<li>Parce que je souhaite avoir une<strong> relation \u00e0 l&rsquo;alimentation plus sereine<\/strong>.<\/li>\n\n\n\n<li>Parce que j&rsquo;ai besoin d&rsquo;aide pour <strong>prendre une d\u00e9cision<\/strong> en me sentant soutenu et compris.<\/li>\n\n\n\n<li>Parce que je souhaite <strong>mieux me connaitre<\/strong> et <strong>me prioriser<\/strong>.<\/li>\n\n\n\n<li>Parce que je subis des <strong>addictions<\/strong>, des <strong>troubles du comportement alimentaire<\/strong>.<\/li>\n\n\n\n<li>Parce que j&rsquo;ai des <strong>troubles du sommeil<\/strong>.<\/li>\n\n\n\n<li>Parce que je suis en <strong>difficult\u00e9s avec mes \u00e9motions<\/strong>.<\/li>\n\n\n\n<li>Parce que je vis un <strong>passage difficile au sein de mon couple<\/strong>.<\/li>\n\n\n\n<li>Parce que je traverse une <strong>p\u00e9riode de changement<\/strong> dans ma vie.<\/li>\n<\/ul>\n\n\n<div class=\"wp-block-image\">\n<figure class=\"aligncenter size-large is-resized\"><img loading=\"lazy\" decoding=\"async\" width=\"1024\" height=\"1024\" src=\"http:\/\/vgloqds.cluster021.hosting.ovh.net\/wp-content\/uploads\/2025\/07\/FB_IMG_1653668788631-1024x1024.jpg\" alt=\"\" class=\"wp-image-398\" style=\"width:562px;height:auto\" srcset=\"https:\/\/www.audreysalez.fr\/wp-content\/uploads\/2025\/07\/FB_IMG_1653668788631-1024x1024.jpg 1024w, https:\/\/www.audreysalez.fr\/wp-content\/uploads\/2025\/07\/FB_IMG_1653668788631-300x300.jpg 300w, https:\/\/www.audreysalez.fr\/wp-content\/uploads\/2025\/07\/FB_IMG_1653668788631-150x150.jpg 150w, https:\/\/www.audreysalez.fr\/wp-content\/uploads\/2025\/07\/FB_IMG_1653668788631-768x768.jpg 768w, https:\/\/www.audreysalez.fr\/wp-content\/uploads\/2025\/07\/FB_IMG_1653668788631.jpg 1080w\" sizes=\"auto, (max-width: 1024px) 100vw, 1024px\" \/><\/figure>\n<\/div>\n\n\n<p class=\"has-text-align-center\" style=\"font-size:8px\"><a href=\"http:\/\/apprentie girafe\">Image issue du blog Apprentie Girafe<\/a><\/p>\n\n\n\n<p class=\"has-white-color has-text-color has-link-color wp-elements-78d116440ee67ac0ca0e2bd731c118b4\">ESPACE<\/p>\n","protected":false},"excerpt":{"rendered":"<p>Pour quelles raisons puis-je b\u00e9n\u00e9ficier d&rsquo;un accompagnement psychologique\/psychoth\u00e9rapeutique ? Image issue du blog Apprentie Girafe ESPACE<\/p>\n","protected":false},"author":1,"featured_media":66,"parent":0,"menu_order":0,"comment_status":"closed","ping_status":"closed","template":"","meta":{"_themeisle_gutenberg_block_has_review":false,"footnotes":""},"class_list":["post-42","page","type-page","status-publish","has-post-thumbnail","hentry"],"_links":{"self":[{"href":"https:\/\/www.audreysalez.fr\/index.php\/wp-json\/wp\/v2\/pages\/42","targetHints":{"allow":["GET"]}}],"collection":[{"href":"https:\/\/www.audreysalez.fr\/index.php\/wp-json\/wp\/v2\/pages"}],"about":[{"href":"https:\/\/www.audreysalez.fr\/index.php\/wp-json\/wp\/v2\/types\/page"}],"author":[{"embeddable":true,"href":"https:\/\/www.audreysalez.fr\/index.php\/wp-json\/wp\/v2\/users\/1"}],"replies":[{"embeddable":true,"href":"https:\/\/www.audreysalez.fr\/index.php\/wp-json\/wp\/v2\/comments?post=42"}],"version-history":[{"count":25,"href":"https:\/\/www.audreysalez.fr\/index.php\/wp-json\/wp\/v2\/pages\/42\/revisions"}],"predecessor-version":[{"id":465,"href":"https:\/\/www.audreysalez.fr\/index.php\/wp-json\/wp\/v2\/pages\/42\/revisions\/465"}],"wp:featuredmedia":[{"embeddable":true,"href":"https:\/\/www.audreysalez.fr\/index.php\/wp-json\/wp\/v2\/media\/66"}],"wp:attachment":[{"href":"https:\/\/www.audreysalez.fr\/index.php\/wp-json\/wp\/v2\/media?parent=42"}],"curies":[{"name":"wp","href":"https:\/\/api.w.org\/{rel}","templated":true}]}}