{"id":77,"date":"2025-07-03T20:11:28","date_gmt":"2025-07-03T20:11:28","guid":{"rendered":"http:\/\/vgloqds.cluster021.hosting.ovh.net\/index.php\/front_page\/"},"modified":"2025-07-11T22:16:52","modified_gmt":"2025-07-11T22:16:52","slug":"front_page","status":"publish","type":"page","link":"https:\/\/www.audreysalez.fr\/","title":{"rendered":"PR\u00c9SENTATION"},"content":{"rendered":"\n<div id=\"wp-block-themeisle-blocks-advanced-columns-a4c709dd\" class=\"wp-block-themeisle-blocks-advanced-columns has-1-columns has-desktop-equal-layout has-tablet-equal-layout has-mobile-equal-layout has-vertical-unset\"><div class=\"wp-block-themeisle-blocks-advanced-columns-overlay\"><\/div><div class=\"innerblocks-wrap\">\n<div id=\"wp-block-themeisle-blocks-advanced-column-6b79dd42\" class=\"wp-block-themeisle-blocks-advanced-column\"><\/div>\n<\/div><\/div>\n\n\n\n<div id=\"wp-block-themeisle-blocks-advanced-columns-794a4dc8\" class=\"wp-block-themeisle-blocks-advanced-columns has-2-columns has-desktop-oneTwo-layout has-tablet-equal-layout has-mobile-collapsedRows-layout has-vertical-unset\"><div class=\"wp-block-themeisle-blocks-advanced-columns-overlay\"><\/div><div class=\"innerblocks-wrap\">\n<div id=\"wp-block-themeisle-blocks-advanced-column-a904eb24\" class=\"wp-block-themeisle-blocks-advanced-column\">\n<figure class=\"wp-block-image size-full is-resized\"><img loading=\"lazy\" decoding=\"async\" width=\"956\" height=\"956\" src=\"http:\/\/vgloqds.cluster021.hosting.ovh.net\/wp-content\/uploads\/2025\/07\/435921118_10226368306143154_5869670654870071513_n.jpg\" alt=\"\" class=\"wp-image-66\" style=\"width:268px;height:auto\" srcset=\"https:\/\/www.audreysalez.fr\/wp-content\/uploads\/2025\/07\/435921118_10226368306143154_5869670654870071513_n.jpg 956w, https:\/\/www.audreysalez.fr\/wp-content\/uploads\/2025\/07\/435921118_10226368306143154_5869670654870071513_n-300x300.jpg 300w, https:\/\/www.audreysalez.fr\/wp-content\/uploads\/2025\/07\/435921118_10226368306143154_5869670654870071513_n-150x150.jpg 150w, https:\/\/www.audreysalez.fr\/wp-content\/uploads\/2025\/07\/435921118_10226368306143154_5869670654870071513_n-768x768.jpg 768w\" sizes=\"auto, (max-width: 956px) 100vw, 956px\" \/><\/figure>\n<\/div>\n\n\n\n<div id=\"wp-block-themeisle-blocks-advanced-column-329fb167\" class=\"wp-block-themeisle-blocks-advanced-column\">\n<div class=\"wp-block-group is-vertical is-layout-flex wp-container-core-group-is-layout-fe9cc265 wp-block-group-is-layout-flex\">\n<p class=\"has-text-align-left\" style=\"font-size:16px\">J\u2019exerce ou ai exerc\u00e9 en centre hospitalier, r\u00e9seau de sant\u00e9 et association aupr\u00e8s d\u2019enfants, adolescents et adultes en accompagnement psychologique individuel et de groupe.<\/p>\n\n\n\n<p class=\"has-text-align-left\" style=\"font-size:16px\"><strong>Experte reconnue<\/strong> dans l\u2019accompagnement des personnes ayant des maladies chroniques : ob\u00e9sit\u00e9, diab\u00e8te, cancer, maladie cardiovasculaire, d\u00e9ficience visuelle\u2026 et dans l\u2019accompagnement des troubles du comportement alimentaire.<\/p>\n\n\n\n<p style=\"font-size:16px\">Parall\u00e8lement \u00e0 mon activit\u00e9 en cabinet, je travaille actuellement en vacations :<\/p>\n\n\n\n<ul class=\"wp-block-list\">\n<li style=\"font-size:16px\">Au sein d\u2019une \u00e9quipe pluridisciplinaire sp\u00e9cialis\u00e9e dans l\u2019accompagnement des enfants et adolescents porteurs d&rsquo;ob\u00e9sit\u00e9 et leurs parents et proposant un programme d\u2019\u00c9ducation Th\u00e9rapeutique du Patient au Centre Hospitalier de Douai,<\/li>\n\n\n\n<li style=\"font-size:16px\">En tant que <strong>formatrice<\/strong> aupr\u00e8s des professionnels de la sant\u00e9, des professionnels du monde social et \u00e9ducatif, de patients partenaires et ambassadeurs sant\u00e9. Mes domaines de comp\u00e9tences sont : \u00c9ducation Th\u00e9rapeutique du Patient (ETP) : pratiquer et coordonner &#8211; Entretien Motivationnel.<\/li>\n<\/ul>\n<\/div>\n<\/div>\n<\/div><\/div>\n\n\n\n<p class=\"has-black-color has-text-color has-link-color wp-elements-71bc07e98042fc0c8534b7f8450555fb\">ESPACE<\/p>\n\n\n\n<p class=\"has-black-color has-text-color has-link-color wp-elements-71bc07e98042fc0c8534b7f8450555fb\">ESPACE<\/p>\n\n\n\n<p><strong>Mes formations :<\/strong><\/p>\n\n\n\n<ul class=\"wp-block-list\">\n<li style=\"font-size:16px\">DEA de Psychologie (2001)<\/li>\n\n\n\n<li style=\"font-size:16px\">Master 2 Psychologie Clinique des Interventions Cognitivo-Comportementales, Educatives et Sociales (PCICCES), parcours Interventions Educatives et Sociales (IES) (2007)<\/li>\n\n\n\n<li style=\"font-size:16px\">Dipl\u00f4me Universitaire en <a href=\"http:\/\/vgloqds.cluster021.hosting.ovh.net\/index.php\/therapies\/\">Psychoth\u00e9rapies \u00c9motionnelles, Comportementales et Cognitives<\/a> (2006)<\/li>\n\n\n\n<li style=\"font-size:16px\">Dipl\u00f4me Universitaire en Ob\u00e9sit\u00e9 de l\u2019Enfant (2010)<\/li>\n\n\n\n<li style=\"font-size:16px\">\u00c9ducation Th\u00e9rapeutique du Patient et Soins Palliatifs (2002)<\/li>\n\n\n\n<li style=\"font-size:16px\">Entretien Motivationnel (2011)<\/li>\n\n\n\n<li style=\"font-size:16px\">Communication Non Violente (2004)<\/li>\n\n\n\n<li style=\"font-size:16px\">Accompagnement \u00e0 l\u2019arr\u00eat du tabac (2004)<\/li>\n\n\n\n<li style=\"font-size:16px\">Auto-formation \u00e0 l\u2019approche bio-psycho-sensorielle de l\u2019ob\u00e9sit\u00e9 du surpoids et des troubles du comportement alimentaire associ\u00e9s (depuis 2007)<\/li>\n\n\n\n<li style=\"font-size:16px\">Rencontres du Groupe de R\u00e9flexion sur l\u2019Ob\u00e9sit\u00e9 et le Surpoids (GROS)<\/li>\n\n\n\n<li style=\"font-size:16px\">Art-th\u00e9rapie comme strat\u00e9gie possible pour l\u2019\u00e9ducation du patient (2004)<\/li>\n\n\n\n<li style=\"font-size:16px\">Art th\u00e9rapie de l\u2019\u00e9ducatif ou th\u00e9rapeutique (2022)<\/li>\n\n\n\n<li style=\"font-size:16px\">Sensibilisation \u00e0 l\u2019aromath\u00e9rapie (2023)<\/li>\n\n\n\n<li style=\"font-size:16px\">Th\u00e9rapie d\u2019acceptation et d\u2019engagement (ACT) (2023)<br><em>Favorise la flexibilit\u00e9&nbsp;en accompagnant chaque personne \u00e0 volontairement accepter ses \u00ab\u00a0sales trucs\u00a0\u00bb (\u00e9motions\/pens\u00e9es\/souvenirs) pour avancer vers ce qui compte vraiment pour elle<\/em><\/li>\n\n\n\n<li style=\"font-size:16px\">Reiki Usui 1er Degr\u00e9 (2023) \u2013 2nd Degr\u00e9 (2024)<\/li>\n\n\n\n<li style=\"font-size:16px\"><a href=\"http:\/\/vgloqds.cluster021.hosting.ovh.net\/index.php\/therapies\/\">MOSAIC<\/a> (Mouvements Oculaires et Stimulations Altern\u00e9es pour l\u2019Int\u00e9gration C\u00e9r\u00e9brale) (2024\/2025)<br><em>Alliance in\u00e9dite des neurosciences et de la psychoth\u00e9rapie avec stimulation sensorielle pour soulager les souffrances psychiques li\u00e9es \u00e0 un souvenir douloureux en recentrant le processus de changement sur la mobilisation des forces et des solutions d\u00e9j\u00e0 pr\u00e9sentes en chacun dans la douceur plut\u00f4t que dans la douleur<\/em><br>MOSAIC de r\u00e9f\u00e9rence (f\u00e9vrier 2024)<br>MOSAIC sp\u00e9cialisation Traumatisme complexe (avril 2024)<br>MOSAIC sp\u00e9cialisation B\u00e9b\u00e9s, Enfants, Adolescents (d\u00e9cembre 2024)<br>MOSAIC sp\u00e9cialisation D\u00e9pression (janvier 2025)<br>MOSAIC sp\u00e9cialisation Troubles anxieux (mai 2025)<br>MOSAIC sp\u00e9cialisation Addiction (novembre 2025)<\/li>\n<\/ul>\n","protected":false},"excerpt":{"rendered":"<p>ESPACE ESPACE Mes formations :<\/p>\n","protected":false},"author":1,"featured_media":0,"parent":0,"menu_order":0,"comment_status":"closed","ping_status":"closed","template":"","meta":{"_themeisle_gutenberg_block_has_review":false,"footnotes":""},"class_list":["post-77","page","type-page","status-publish","hentry"],"_links":{"self":[{"href":"https:\/\/www.audreysalez.fr\/index.php\/wp-json\/wp\/v2\/pages\/77","targetHints":{"allow":["GET"]}}],"collection":[{"href":"https:\/\/www.audreysalez.fr\/index.php\/wp-json\/wp\/v2\/pages"}],"about":[{"href":"https:\/\/www.audreysalez.fr\/index.php\/wp-json\/wp\/v2\/types\/page"}],"author":[{"embeddable":true,"href":"https:\/\/www.audreysalez.fr\/index.php\/wp-json\/wp\/v2\/users\/1"}],"replies":[{"embeddable":true,"href":"https:\/\/www.audreysalez.fr\/index.php\/wp-json\/wp\/v2\/comments?post=77"}],"version-history":[{"count":39,"href":"https:\/\/www.audreysalez.fr\/index.php\/wp-json\/wp\/v2\/pages\/77\/revisions"}],"predecessor-version":[{"id":410,"href":"https:\/\/www.audreysalez.fr\/index.php\/wp-json\/wp\/v2\/pages\/77\/revisions\/410"}],"wp:attachment":[{"href":"https:\/\/www.audreysalez.fr\/index.php\/wp-json\/wp\/v2\/media?parent=77"}],"curies":[{"name":"wp","href":"https:\/\/api.w.org\/{rel}","templated":true}]}}